{"id":6075,"date":"2024-03-06T10:28:30","date_gmt":"2024-03-06T08:28:30","guid":{"rendered":"https:\/\/wohnatelier.at\/contact-us\/"},"modified":"2024-10-22T10:08:56","modified_gmt":"2024-10-22T08:08:56","slug":"kontakt","status":"publish","type":"page","link":"https:\/\/wohnatelier.at\/en\/kontakt\/","title":{"rendered":"Contact"},"content":{"rendered":"\t\t<div data-elementor-type=\"wp-page\" data-elementor-id=\"6075\" class=\"elementor elementor-6075\" data-elementor-post-type=\"page\">\n\t\t\t\t<div class=\"elementor-element elementor-element-687a89c3 e-con-full e-flex e-con e-parent\" data-id=\"687a89c3\" data-element_type=\"container\" data-e-type=\"container\">\n\t\t<div class=\"elementor-element elementor-element-5d406b18 e-con-full e-flex e-con e-child\" data-id=\"5d406b18\" data-element_type=\"container\" data-e-type=\"container\">\n\t\t<div class=\"elementor-element elementor-element-acb4f3c e-con-full e-flex e-con e-child\" data-id=\"acb4f3c\" data-element_type=\"container\" data-e-type=\"container\">\n\t\t\t\t<div class=\"elementor-element elementor-element-2efefc50 elementor-widget elementor-widget-heading\" data-id=\"2efefc50\" data-element_type=\"widget\" data-e-type=\"widget\" data-widget_type=\"heading.default\">\n\t\t\t\t\t<h1 class=\"elementor-heading-title elementor-size-default\">Geht nicht? Gibt's nicht!<br>Wir freuen uns auf Ihre Anfrage.<\/h1>\t\t\t\t<\/div>\n\t\t\t\t<div class=\"elementor-element elementor-element-77bb5548 elementor-widget__width-initial elementor-invisible elementor-widget elementor-widget-text-editor\" data-id=\"77bb5548\" data-element_type=\"widget\" data-e-type=\"widget\" data-settings=\"{&quot;_animation&quot;:&quot;fadeInDown&quot;}\" data-widget_type=\"text-editor.default\">\n\t\t\t\t\t\t\t\t\t<p>Lassen Sie uns gemeinsam Ihre R\u00e4ume gestalten. Unser erfahrenes Team steht Ihnen zur Verf\u00fcgung, um Ihre Visionen Realit\u00e4t werden zu lassen. Kontaktieren Sie uns f\u00fcr eine individuelle Beratung und lassen Sie uns gemeinsam etwas Einzigartiges schaffen.<\/p>\t\t\t\t\t\t\t\t<\/div>\n\t\t\t\t<div class=\"elementor-element elementor-element-8650acb elementor-widget__width-initial elementor-button-align-stretch elementor-widget elementor-widget-form\" data-id=\"8650acb\" data-element_type=\"widget\" data-e-type=\"widget\" data-settings=\"{&quot;step_next_label&quot;:&quot;N\\u00e4chster&quot;,&quot;step_previous_label&quot;:&quot;Voriger&quot;,&quot;button_width&quot;:&quot;100&quot;,&quot;step_type&quot;:&quot;number_text&quot;,&quot;step_icon_shape&quot;:&quot;circle&quot;}\" data-widget_type=\"form.default\">\n\t\t\t\t\t\t\t<form class=\"elementor-form\" method=\"post\" name=\"Neues Formular\" aria-label=\"Neues Formular\">\n\t\t\t<input type=\"hidden\" name=\"post_id\" value=\"6075\"\/>\n\t\t\t<input type=\"hidden\" name=\"form_id\" value=\"8650acb\"\/>\n\t\t\t<input type=\"hidden\" name=\"referer_title\" value=\"Kontakt - Innenarchitektur | M\u00f6bel - Tirol\" \/>\n\n\t\t\t\t\t\t\t<input type=\"hidden\" name=\"queried_id\" value=\"6075\"\/>\n\t\t\t\n\t\t\t<div class=\"elementor-form-fields-wrapper elementor-labels-above\">\n\t\t\t\t\t\t\t\t<div class=\"elementor-field-type-text elementor-field-group elementor-column elementor-field-group-name elementor-col-100 elementor-field-required elementor-mark-required\">\n\t\t\t\t\t\t\t\t\t\t\t\t<label for=\"form-field-name\" class=\"elementor-field-label\">\n\t\t\t\t\t\t\t\tName\t\t\t\t\t\t\t<\/label>\n\t\t\t\t\t\t\t\t\t\t\t\t\t\t<input size=\"1\" type=\"text\" name=\"form_fields[name]\" id=\"form-field-name\" class=\"elementor-field elementor-size-md  elementor-field-textual\" placeholder=\"Name\" required=\"required\">\n\t\t\t\t\t\t\t\t\t\t\t<\/div>\n\t\t\t\t\t\t\t\t<div class=\"elementor-field-type-tel elementor-field-group elementor-column elementor-field-group-field_62df06c elementor-col-100\">\n\t\t\t\t\t\t\t\t\t\t\t\t<label for=\"form-field-field_62df06c\" class=\"elementor-field-label\">\n\t\t\t\t\t\t\t\tTelefon\t\t\t\t\t\t\t<\/label>\n\t\t\t\t\t\t\t\t<input size=\"1\" type=\"tel\" name=\"form_fields[field_62df06c]\" id=\"form-field-field_62df06c\" class=\"elementor-field elementor-size-md  elementor-field-textual\" placeholder=\"Telefon\" pattern=\"[0-9()#&amp;+*-=.]+\" title=\"Nur Nummern oder Telefon-Zeichen (#, -, *, etc) werden akzeptiert.\">\n\n\t\t\t\t\t\t<\/div>\n\t\t\t\t\t\t\t\t<div class=\"elementor-field-type-email elementor-field-group elementor-column elementor-field-group-email elementor-col-100 elementor-field-required elementor-mark-required\">\n\t\t\t\t\t\t\t\t\t\t\t\t<label for=\"form-field-email\" class=\"elementor-field-label\">\n\t\t\t\t\t\t\t\tE-Mail\t\t\t\t\t\t\t<\/label>\n\t\t\t\t\t\t\t\t\t\t\t\t\t\t<input size=\"1\" type=\"email\" name=\"form_fields[email]\" id=\"form-field-email\" class=\"elementor-field elementor-size-md  elementor-field-textual\" placeholder=\"E-Mail\" required=\"required\">\n\t\t\t\t\t\t\t\t\t\t\t<\/div>\n\t\t\t\t\t\t\t\t<div class=\"elementor-field-type-textarea elementor-field-group elementor-column elementor-field-group-message elementor-col-100 elementor-field-required elementor-mark-required\">\n\t\t\t\t\t\t\t\t\t\t\t\t<label for=\"form-field-message\" class=\"elementor-field-label\">\n\t\t\t\t\t\t\t\tAnfrage\t\t\t\t\t\t\t<\/label>\n\t\t\t\t\t\t<textarea class=\"elementor-field-textual elementor-field  elementor-size-md\" name=\"form_fields[message]\" id=\"form-field-message\" rows=\"4\" placeholder=\"Sie planen ein Projekt, wollen ein kostenloses Erstgespr\u00e4ch vereinbaren oder haben eine Frage? Wir freuen uns auf Sie.\" required=\"required\"><\/textarea>\t\t\t\t<\/div>\n\t\t\t\t\t\t\t\t<div class=\"elementor-field-group elementor-column elementor-field-type-submit elementor-col-100 e-form__buttons\">\n\t\t\t\t\t<button class=\"elementor-button elementor-size-sm\" type=\"submit\">\n\t\t\t\t\t\t<span class=\"elementor-button-content-wrapper\">\n\t\t\t\t\t\t\t\t\t\t\t\t\t\t\t\t\t\t\t\t\t\t<span class=\"elementor-button-text\">Senden<\/span>\n\t\t\t\t\t\t\t\t\t\t\t\t\t<\/span>\n\t\t\t\t\t<\/button>\n\t\t\t\t<\/div>\n\t\t\t<\/div>\n\t\t<\/form>\n\t\t\t\t\t\t<\/div>\n\t\t\t\t<div class=\"elementor-element elementor-element-e015796 elementor-widget__width-initial elementor-widget-mobile__width-inherit elementor-invisible elementor-widget elementor-widget-text-editor\" data-id=\"e015796\" data-element_type=\"widget\" data-e-type=\"widget\" data-settings=\"{&quot;_animation&quot;:&quot;fadeInDown&quot;}\" data-widget_type=\"text-editor.default\">\n\t\t\t\t\t\t\t\t\tGesch\u00e4ftsf\u00fchrer Norbert Bergmann | <a href=\"tel:+4367683160102\">+43\u00a0676\u00a083160102<\/a> | <a href=\"mailto:n.bergmann@wohnatelier.at\">n.bergmann@wohnatelier.at<\/a>\n\nGesch\u00e4ftsf\u00fchrer Franz Hechenbichler | <a href=\"tel:+4367683160103\">+43\u00a0676\u00a083160103<\/a> | <a href=\"mailto:f.hechenbichler@wohnatelier.at\">f.hechenbichler@wohnatelier.at<\/a>\t\t\t\t\t\t\t\t<\/div>\n\t\t\t\t<\/div>\n\t\t<div class=\"elementor-element elementor-element-bcb11ba e-con-full e-flex e-con e-child\" data-id=\"bcb11ba\" data-element_type=\"container\" data-e-type=\"container\">\n\t\t<div class=\"elementor-element elementor-element-1b956c00 e-con-full e-flex e-con e-child\" data-id=\"1b956c00\" data-element_type=\"container\" data-e-type=\"container\">\n\t\t\t\t<div class=\"elementor-element elementor-element-625bdaf6 elementor-widget__width-initial elementor-widget-mobile__width-inherit elementor-widget elementor-widget-icon-box\" data-id=\"625bdaf6\" data-element_type=\"widget\" data-e-type=\"widget\" data-widget_type=\"icon-box.default\">\n\t\t\t\t\t\t\t<div class=\"elementor-icon-box-wrapper\">\n\n\t\t\t\n\t\t\t\t\t\t<div class=\"elementor-icon-box-content\">\n\n\t\t\t\t\t\t\t\t\t<h3 class=\"elementor-icon-box-title\">\n\t\t\t\t\t\t<span  >\n\t\t\t\t\t\t\tWohnatelier GmbH &amp; Co KG\t\t\t\t\t\t<\/span>\n\t\t\t\t\t<\/h3>\n\t\t\t\t\n\t\t\t\t\t\t\t\t\t<p class=\"elementor-icon-box-description\">\n\t\t\t\t\t\tPass-Thurn-Stra\u00dfe 24<br>A-6372 Oberndorf i. T.\t\t\t\t\t<\/p>\n\t\t\t\t\n\t\t\t<\/div>\n\t\t\t\n\t\t<\/div>\n\t\t\t\t\t\t<\/div>\n\t\t\t\t<div class=\"elementor-element elementor-element-41e2657 elementor-widget__width-initial elementor-widget-mobile__width-inherit elementor-widget elementor-widget-icon-box\" data-id=\"41e2657\" data-element_type=\"widget\" data-e-type=\"widget\" data-widget_type=\"icon-box.default\">\n\t\t\t\t\t\t\t<div class=\"elementor-icon-box-wrapper\">\n\n\t\t\t\n\t\t\t\t\t\t<div class=\"elementor-icon-box-content\">\n\n\t\t\t\t\t\t\t\t\t<h3 class=\"elementor-icon-box-title\">\n\t\t\t\t\t\t<span  >\n\t\t\t\t\t\t\t\u00d6ffnungszeiten\t\t\t\t\t\t<\/span>\n\t\t\t\t\t<\/h3>\n\t\t\t\t\n\t\t\t\t\t\t\t\t\t<p class=\"elementor-icon-box-description\">\n\t\t\t\t\t\tMo-Fr: 08:00-17:00<br>&amp; nach Vereinbarung\t\t\t\t\t<\/p>\n\t\t\t\t\n\t\t\t<\/div>\n\t\t\t\n\t\t<\/div>\n\t\t\t\t\t\t<\/div>\n\t\t\t\t<div class=\"elementor-element elementor-element-7f714bb2 elementor-widget__width-initial elementor-widget-mobile__width-inherit elementor-widget elementor-widget-icon-box\" data-id=\"7f714bb2\" data-element_type=\"widget\" data-e-type=\"widget\" data-widget_type=\"icon-box.default\">\n\t\t\t\t\t\t\t<div class=\"elementor-icon-box-wrapper\">\n\n\t\t\t\n\t\t\t\t\t\t<div class=\"elementor-icon-box-content\">\n\n\t\t\t\t\t\t\t\t\t<h3 class=\"elementor-icon-box-title\">\n\t\t\t\t\t\t<span  >\n\t\t\t\t\t\t\tKontakt \t\t\t\t\t\t<\/span>\n\t\t\t\t\t<\/h3>\n\t\t\t\t\n\t\t\t\t\t\t\t\t\t<p class=\"elementor-icon-box-description\">\n\t\t\t\t\t\t<a href=\"tel:+43535665946\">+43 535665946<br><a href=\"mailto:office@wohnatelier.at\">office@wohnatelier.at\t\t\t\t\t<\/p>\n\t\t\t\t\n\t\t\t<\/div>\n\t\t\t\n\t\t<\/div>\n\t\t\t\t\t\t<\/div>\n\t\t\t\t<\/div>\n\t\t\t\t<\/div>\n\t\t\t\t<\/div>\n\t\t<div class=\"elementor-element elementor-element-15489ba e-con-full e-flex e-con e-child\" data-id=\"15489ba\" data-element_type=\"container\" data-e-type=\"container\" data-settings=\"{&quot;background_background&quot;:&quot;classic&quot;}\">\n\t\t\t\t<\/div>\n\t\t\t\t<\/div>\n\t\t<div class=\"elementor-element elementor-element-609f1acf e-con-full e-flex e-con e-parent\" data-id=\"609f1acf\" data-element_type=\"container\" data-e-type=\"container\">\n\t\t<div class=\"elementor-element elementor-element-399b1a02 e-con-full e-flex e-con e-child\" data-id=\"399b1a02\" data-element_type=\"container\" data-e-type=\"container\" data-settings=\"{&quot;background_background&quot;:&quot;classic&quot;}\">\n\t\t<div class=\"elementor-element elementor-element-3b68e52 e-con-full e-flex e-con e-child\" data-id=\"3b68e52\" data-element_type=\"container\" data-e-type=\"container\" data-settings=\"{&quot;background_background&quot;:&quot;classic&quot;}\">\n\t\t\t\t<\/div>\n\t\t\t\t<\/div>\n\t\t<div class=\"elementor-element elementor-element-f5918fc e-con-full e-flex e-con e-child\" data-id=\"f5918fc\" data-element_type=\"container\" data-e-type=\"container\">\n\t\t\t\t<div class=\"elementor-element elementor-element-b93346b elementor-widget elementor-widget-heading\" data-id=\"b93346b\" data-element_type=\"widget\" data-e-type=\"widget\" data-widget_type=\"heading.default\">\n\t\t\t\t\t<span class=\"elementor-heading-title elementor-size-default\">visit us<\/span>\t\t\t\t<\/div>\n\t\t<div class=\"elementor-element elementor-element-75a69aad e-con-full e-flex e-con e-child\" data-id=\"75a69aad\" data-element_type=\"container\" data-e-type=\"container\">\n\t\t\t\t<div class=\"elementor-element elementor-element-94b6341 elementor-widget elementor-widget-heading\" data-id=\"94b6341\" data-element_type=\"widget\" data-e-type=\"widget\" data-widget_type=\"heading.default\">\n\t\t\t\t\t<h2 class=\"elementor-heading-title elementor-size-default\">Unseren Interior Design Showroom gibt es im Bezirk Kufstein und im Bezirk Kitzb\u00fchel in Tirol.\n<\/h2>\t\t\t\t<\/div>\n\t\t\t\t<div class=\"elementor-element elementor-element-24aeecaf elementor-widget elementor-widget-text-editor\" data-id=\"24aeecaf\" data-element_type=\"widget\" data-e-type=\"widget\" data-widget_type=\"text-editor.default\">\n\t\t\t\t\t\t\t\t\t<p>Erleben Sie Designerm\u00f6bel, ausgew\u00e4hlte Materialien und moderne Inneneinrichtung pers\u00f6nlich und mit allen Sinnen.<\/p>\t\t\t\t\t\t\t\t<\/div>\n\t\t\t\t<\/div>\n\t\t\t\t<\/div>\n\t\t\t\t<\/div>\n\t\t<div class=\"elementor-element elementor-element-025f9a4 e-flex e-con-boxed e-con e-parent\" data-id=\"025f9a4\" data-element_type=\"container\" data-e-type=\"container\">\n\t\t\t\t\t<div class=\"e-con-inner\">\n\t\t<div class=\"elementor-element elementor-element-9fb97f3 e-con-full e-flex e-con e-child\" data-id=\"9fb97f3\" data-element_type=\"container\" data-e-type=\"container\">\n\t\t\t\t<div class=\"elementor-element elementor-element-79e3b7c elementor-widget-mobile__width-inherit elementor-widget elementor-widget-heading\" data-id=\"79e3b7c\" data-element_type=\"widget\" data-e-type=\"widget\" data-widget_type=\"heading.default\">\n\t\t\t\t\t<h2 class=\"elementor-heading-title elementor-size-default\">Wohnatelier Showroom im Kitzcorner<br>Pass-Thurn-Stra\u00dfe 24, 6372 Oberndorf i. T. <br><br>+<a href=\"tel:+43537266599\">43 5376 65946<br><\/a><a href=\"mailto:office@wohnatelier.at\">office@wohnatelier.at<br><\/a><\/h2>\t\t\t\t<\/div>\n\t\t\t\t<\/div>\n\t\t<div class=\"elementor-element elementor-element-aa9df69 e-con-full e-flex e-con e-child\" data-id=\"aa9df69\" data-element_type=\"container\" data-e-type=\"container\">\n\t\t\t\t<div class=\"elementor-element elementor-element-af42303 elementor-widget__width-initial elementor-widget-mobile__width-auto elementor-widget-tablet__width-initial elementor-widget elementor-widget-google_maps\" data-id=\"af42303\" data-element_type=\"widget\" data-e-type=\"widget\" data-widget_type=\"google_maps.default\">\n\t\t\t\t\t\t\t<div class=\"elementor-custom-embed\">\n\t\t\t<iframe loading=\"lazy\"\n\t\t\t\t\tsrc=\"https:\/\/maps.google.com\/maps?q=wohnatelier%20pass-thurn-stra%C3%9Fe%2024&#038;t=m&#038;z=11&#038;output=embed&#038;iwloc=near\"\n\t\t\t\t\ttitle=\"wohnatelier pass-thurn-stra\u00dfe 24\"\n\t\t\t\t\taria-label=\"wohnatelier pass-thurn-stra\u00dfe 24\"\n\t\t\t><\/iframe>\n\t\t<\/div>\n\t\t\t\t\t\t<\/div>\n\t\t\t\t<\/div>\n\t\t\t\t\t<\/div>\n\t\t\t\t<\/div>\n\t\t<div class=\"elementor-element elementor-element-a192b92 e-flex e-con-boxed e-con e-parent\" data-id=\"a192b92\" data-element_type=\"container\" data-e-type=\"container\">\n\t\t\t\t\t<div class=\"e-con-inner\">\n\t\t<div class=\"elementor-element elementor-element-a8a8004 e-con-full e-flex e-con e-child\" data-id=\"a8a8004\" data-element_type=\"container\" data-e-type=\"container\">\n\t\t\t\t<div class=\"elementor-element elementor-element-54d554b elementor-widget-mobile__width-inherit elementor-widget elementor-widget-heading\" data-id=\"54d554b\" data-element_type=\"widget\" data-e-type=\"widget\" data-widget_type=\"heading.default\">\n\t\t\t\t\t<h2 class=\"elementor-heading-title elementor-size-default\">Wohnatelier Showroom in der Kaiser Nordwand<br>F\u00fcrh\u00f6lzl 2, 6341 Ebbs \/ Kufstein<br><br>+<a href=\"tel:+43537266599\">43 5372 66599<br><\/a><a href=\"mailto:office@wohnatelier.at\">office@wohnatelier.at<br><\/a><\/h2>\t\t\t\t<\/div>\n\t\t\t\t<\/div>\n\t\t<div class=\"elementor-element elementor-element-d122a85 e-con-full e-flex e-con e-child\" data-id=\"d122a85\" data-element_type=\"container\" data-e-type=\"container\">\n\t\t\t\t<div class=\"elementor-element elementor-element-3ce2cb7 elementor-widget__width-initial elementor-widget-mobile__width-auto elementor-widget-tablet__width-initial elementor-widget elementor-widget-google_maps\" data-id=\"3ce2cb7\" data-element_type=\"widget\" data-e-type=\"widget\" data-widget_type=\"google_maps.default\">\n\t\t\t\t\t\t\t<div class=\"elementor-custom-embed\">\n\t\t\t<iframe loading=\"lazy\"\n\t\t\t\t\tsrc=\"https:\/\/maps.google.com\/maps?q=wohnatelier%20f%C3%BCrh%C3%B6lzl%202&#038;t=m&#038;z=11&#038;output=embed&#038;iwloc=near\"\n\t\t\t\t\ttitle=\"wohnatelier f\u00fcrh\u00f6lzl 2\"\n\t\t\t\t\taria-label=\"wohnatelier f\u00fcrh\u00f6lzl 2\"\n\t\t\t><\/iframe>\n\t\t<\/div>\n\t\t\t\t\t\t<\/div>\n\t\t\t\t<\/div>\n\t\t\t\t\t<\/div>\n\t\t\t\t<\/div>\n\t\t<div class=\"elementor-element elementor-element-c8cfe9a e-flex e-con-boxed e-con e-parent\" data-id=\"c8cfe9a\" data-element_type=\"container\" data-e-type=\"container\">\n\t\t\t\t\t<div class=\"e-con-inner\">\n\t\t<div class=\"elementor-element elementor-element-506294f e-con-full e-flex e-con e-child\" data-id=\"506294f\" data-element_type=\"container\" data-e-type=\"container\">\n\t\t\t\t<\/div>\n\t\t\t\t\t<\/div>\n\t\t\t\t<\/div>\n\t\t\t\t<\/div>\n\t\t","protected":false},"excerpt":{"rendered":"<p>Geht nicht? Gibt&#8217;s nicht!Wir freuen uns auf Ihre Anfrage. Lassen Sie uns gemeinsam Ihre R\u00e4ume gestalten. Unser erfahrenes Team steht Ihnen zur Verf\u00fcgung, um Ihre Visionen Realit\u00e4t werden zu lassen. Kontaktieren Sie uns f\u00fcr eine individuelle Beratung und lassen Sie uns gemeinsam etwas Einzigartiges schaffen.&lt;\/p&gt;Gesch\u00e4ftsf\u00fchrer Norbert Bergmann | &lt;a href=&#8220;tel:+4367683160102&#8243;&gt;+43\u00a0676\u00a083160102&lt;\/a&gt; | &lt;a href=&#8220;mailto:n.bergmann@wohnatelier.at&#8220;&gt;n.bergmann@wohnatelier.at&lt;\/a&gt; Gesch\u00e4ftsf\u00fchrer Franz [&hellip;]<\/p>\n","protected":false},"author":116511326,"featured_media":0,"parent":0,"menu_order":0,"comment_status":"closed","ping_status":"closed","template":"elementor_header_footer","meta":{"jetpack_post_was_ever_published":false,"footnotes":""},"class_list":["post-6075","page","type-page","status-publish","hentry"],"yoast_head":"<!-- This site is optimized with the Yoast SEO plugin v27.3 - https:\/\/yoast.com\/product\/yoast-seo-wordpress\/ -->\n<title>Kontakt - Innenarchitektur | M\u00f6bel - Tirol<\/title>\n<meta name=\"robots\" content=\"index, follow, max-snippet:-1, max-image-preview:large, max-video-preview:-1\" \/>\n<link rel=\"canonical\" href=\"https:\/\/wohnatelier.at\/en\/kontakt\/\" \/>\n<meta property=\"og:locale\" content=\"en_US\" \/>\n<meta property=\"og:type\" content=\"article\" \/>\n<meta property=\"og:title\" content=\"Kontakt - Innenarchitektur | M\u00f6bel - Tirol\" \/>\n<meta property=\"og:description\" content=\"Geht nicht? Gibt&#8217;s nicht!Wir freuen uns auf Ihre Anfrage. Lassen Sie uns gemeinsam Ihre R\u00e4ume gestalten. Unser erfahrenes Team steht Ihnen zur Verf\u00fcgung, um Ihre Visionen Realit\u00e4t werden zu lassen. Kontaktieren Sie uns f\u00fcr eine individuelle Beratung und lassen Sie uns gemeinsam etwas Einzigartiges schaffen.&lt;\/p&gt;Gesch\u00e4ftsf\u00fchrer Norbert Bergmann | &lt;a href=&quot;tel:+4367683160102&quot;&gt;+43\u00a0676\u00a083160102&lt;\/a&gt; | &lt;a href=&quot;mailto:n.bergmann@wohnatelier.at&quot;&gt;n.bergmann@wohnatelier.at&lt;\/a&gt; Gesch\u00e4ftsf\u00fchrer Franz [&hellip;]\" \/>\n<meta property=\"og:url\" content=\"https:\/\/wohnatelier.at\/en\/kontakt\/\" \/>\n<meta property=\"og:site_name\" content=\"Innenarchitektur | M\u00f6bel - Tirol\" \/>\n<meta property=\"article:publisher\" content=\"https:\/\/www.facebook.com\/wohnatelier.at\" \/>\n<meta property=\"article:modified_time\" content=\"2024-10-22T08:08:56+00:00\" \/>\n<meta name=\"twitter:card\" content=\"summary_large_image\" \/>\n<meta name=\"twitter:label1\" content=\"Est. reading time\" \/>\n\t<meta name=\"twitter:data1\" content=\"1 minute\" \/>\n<script type=\"application\/ld+json\" class=\"yoast-schema-graph\">{\"@context\":\"https:\\\/\\\/schema.org\",\"@graph\":[{\"@type\":\"WebPage\",\"@id\":\"https:\\\/\\\/wohnatelier.at\\\/kontakt\\\/\",\"url\":\"https:\\\/\\\/wohnatelier.at\\\/kontakt\\\/\",\"name\":\"Kontakt - Innenarchitektur | M\u00f6bel - Tirol\",\"isPartOf\":{\"@id\":\"https:\\\/\\\/wohnatelier.at\\\/#website\"},\"datePublished\":\"2024-03-06T08:28:30+00:00\",\"dateModified\":\"2024-10-22T08:08:56+00:00\",\"breadcrumb\":{\"@id\":\"https:\\\/\\\/wohnatelier.at\\\/kontakt\\\/#breadcrumb\"},\"inLanguage\":\"en-US\",\"potentialAction\":[{\"@type\":\"ReadAction\",\"target\":[\"https:\\\/\\\/wohnatelier.at\\\/kontakt\\\/\"]}]},{\"@type\":\"BreadcrumbList\",\"@id\":\"https:\\\/\\\/wohnatelier.at\\\/kontakt\\\/#breadcrumb\",\"itemListElement\":[{\"@type\":\"ListItem\",\"position\":1,\"name\":\"Startseite\",\"item\":\"https:\\\/\\\/wohnatelier.at\\\/\"},{\"@type\":\"ListItem\",\"position\":2,\"name\":\"Kontakt\"}]},{\"@type\":\"WebSite\",\"@id\":\"https:\\\/\\\/wohnatelier.at\\\/#website\",\"url\":\"https:\\\/\\\/wohnatelier.at\\\/\",\"name\":\"Innenarchitektur | M\u00f6bel - Tirol\",\"description\":\"wohnatelier. interior architects\",\"publisher\":{\"@id\":\"https:\\\/\\\/wohnatelier.at\\\/#organization\"},\"potentialAction\":[{\"@type\":\"SearchAction\",\"target\":{\"@type\":\"EntryPoint\",\"urlTemplate\":\"https:\\\/\\\/wohnatelier.at\\\/?s={search_term_string}\"},\"query-input\":{\"@type\":\"PropertyValueSpecification\",\"valueRequired\":true,\"valueName\":\"search_term_string\"}}],\"inLanguage\":\"en-US\"},{\"@type\":\"Organization\",\"@id\":\"https:\\\/\\\/wohnatelier.at\\\/#organization\",\"name\":\"Innenarchitektur | M\u00f6bel - Tirol\",\"url\":\"https:\\\/\\\/wohnatelier.at\\\/\",\"logo\":{\"@type\":\"ImageObject\",\"inLanguage\":\"en-US\",\"@id\":\"https:\\\/\\\/wohnatelier.at\\\/#\\\/schema\\\/logo\\\/image\\\/\",\"url\":\"https:\\\/\\\/i0.wp.com\\\/wohnatelier.at\\\/wp-content\\\/uploads\\\/2024\\\/03\\\/wohnatelier.interior-architects-grey.png?fit=3204%2C656&ssl=1\",\"contentUrl\":\"https:\\\/\\\/i0.wp.com\\\/wohnatelier.at\\\/wp-content\\\/uploads\\\/2024\\\/03\\\/wohnatelier.interior-architects-grey.png?fit=3204%2C656&ssl=1\",\"width\":3204,\"height\":656,\"caption\":\"Innenarchitektur | M\u00f6bel - Tirol\"},\"image\":{\"@id\":\"https:\\\/\\\/wohnatelier.at\\\/#\\\/schema\\\/logo\\\/image\\\/\"},\"sameAs\":[\"https:\\\/\\\/www.facebook.com\\\/wohnatelier.at\",\"https:\\\/\\\/www.instagram.com\\\/wohnatelier.at\\\/\",\"https:\\\/\\\/at.pinterest.com\\\/wohnatelier_at\"]}]}<\/script>\n<!-- \/ Yoast SEO plugin. -->","yoast_head_json":{"title":"Kontakt - Innenarchitektur | M\u00f6bel - Tirol","robots":{"index":"index","follow":"follow","max-snippet":"max-snippet:-1","max-image-preview":"max-image-preview:large","max-video-preview":"max-video-preview:-1"},"canonical":"https:\/\/wohnatelier.at\/en\/kontakt\/","og_locale":"en_US","og_type":"article","og_title":"Kontakt - Innenarchitektur | M\u00f6bel - Tirol","og_description":"Geht nicht? Gibt&#8217;s nicht!Wir freuen uns auf Ihre Anfrage. Lassen Sie uns gemeinsam Ihre R\u00e4ume gestalten. Unser erfahrenes Team steht Ihnen zur Verf\u00fcgung, um Ihre Visionen Realit\u00e4t werden zu lassen. Kontaktieren Sie uns f\u00fcr eine individuelle Beratung und lassen Sie uns gemeinsam etwas Einzigartiges schaffen.&lt;\/p&gt;Gesch\u00e4ftsf\u00fchrer Norbert Bergmann | &lt;a href=\"tel:+4367683160102\"&gt;+43\u00a0676\u00a083160102&lt;\/a&gt; | &lt;a href=\"mailto:n.bergmann@wohnatelier.at\"&gt;n.bergmann@wohnatelier.at&lt;\/a&gt; Gesch\u00e4ftsf\u00fchrer Franz [&hellip;]","og_url":"https:\/\/wohnatelier.at\/en\/kontakt\/","og_site_name":"Innenarchitektur | M\u00f6bel - Tirol","article_publisher":"https:\/\/www.facebook.com\/wohnatelier.at","article_modified_time":"2024-10-22T08:08:56+00:00","twitter_card":"summary_large_image","twitter_misc":{"Est. reading time":"1 minute"},"schema":{"@context":"https:\/\/schema.org","@graph":[{"@type":"WebPage","@id":"https:\/\/wohnatelier.at\/kontakt\/","url":"https:\/\/wohnatelier.at\/kontakt\/","name":"Kontakt - Innenarchitektur | M\u00f6bel - Tirol","isPartOf":{"@id":"https:\/\/wohnatelier.at\/#website"},"datePublished":"2024-03-06T08:28:30+00:00","dateModified":"2024-10-22T08:08:56+00:00","breadcrumb":{"@id":"https:\/\/wohnatelier.at\/kontakt\/#breadcrumb"},"inLanguage":"en-US","potentialAction":[{"@type":"ReadAction","target":["https:\/\/wohnatelier.at\/kontakt\/"]}]},{"@type":"BreadcrumbList","@id":"https:\/\/wohnatelier.at\/kontakt\/#breadcrumb","itemListElement":[{"@type":"ListItem","position":1,"name":"Startseite","item":"https:\/\/wohnatelier.at\/"},{"@type":"ListItem","position":2,"name":"Kontakt"}]},{"@type":"WebSite","@id":"https:\/\/wohnatelier.at\/#website","url":"https:\/\/wohnatelier.at\/","name":"Innenarchitektur | M\u00f6bel - Tirol","description":"wohnatelier. interior architects","publisher":{"@id":"https:\/\/wohnatelier.at\/#organization"},"potentialAction":[{"@type":"SearchAction","target":{"@type":"EntryPoint","urlTemplate":"https:\/\/wohnatelier.at\/?s={search_term_string}"},"query-input":{"@type":"PropertyValueSpecification","valueRequired":true,"valueName":"search_term_string"}}],"inLanguage":"en-US"},{"@type":"Organization","@id":"https:\/\/wohnatelier.at\/#organization","name":"Innenarchitektur | M\u00f6bel - Tirol","url":"https:\/\/wohnatelier.at\/","logo":{"@type":"ImageObject","inLanguage":"en-US","@id":"https:\/\/wohnatelier.at\/#\/schema\/logo\/image\/","url":"https:\/\/i0.wp.com\/wohnatelier.at\/wp-content\/uploads\/2024\/03\/wohnatelier.interior-architects-grey.png?fit=3204%2C656&ssl=1","contentUrl":"https:\/\/i0.wp.com\/wohnatelier.at\/wp-content\/uploads\/2024\/03\/wohnatelier.interior-architects-grey.png?fit=3204%2C656&ssl=1","width":3204,"height":656,"caption":"Innenarchitektur | M\u00f6bel - Tirol"},"image":{"@id":"https:\/\/wohnatelier.at\/#\/schema\/logo\/image\/"},"sameAs":["https:\/\/www.facebook.com\/wohnatelier.at","https:\/\/www.instagram.com\/wohnatelier.at\/","https:\/\/at.pinterest.com\/wohnatelier_at"]}]}},"jetpack_likes_enabled":true,"jetpack_sharing_enabled":true,"jetpack_shortlink":"https:\/\/wp.me\/PagjEj-1zZ","jetpack-related-posts":[],"_links":{"self":[{"href":"https:\/\/wohnatelier.at\/en\/wp-json\/wp\/v2\/pages\/6075","targetHints":{"allow":["GET"]}}],"collection":[{"href":"https:\/\/wohnatelier.at\/en\/wp-json\/wp\/v2\/pages"}],"about":[{"href":"https:\/\/wohnatelier.at\/en\/wp-json\/wp\/v2\/types\/page"}],"author":[{"embeddable":true,"href":"https:\/\/wohnatelier.at\/en\/wp-json\/wp\/v2\/users\/116511326"}],"replies":[{"embeddable":true,"href":"https:\/\/wohnatelier.at\/en\/wp-json\/wp\/v2\/comments?post=6075"}],"version-history":[{"count":100,"href":"https:\/\/wohnatelier.at\/en\/wp-json\/wp\/v2\/pages\/6075\/revisions"}],"predecessor-version":[{"id":8277,"href":"https:\/\/wohnatelier.at\/en\/wp-json\/wp\/v2\/pages\/6075\/revisions\/8277"}],"wp:attachment":[{"href":"https:\/\/wohnatelier.at\/en\/wp-json\/wp\/v2\/media?parent=6075"}],"curies":[{"name":"wp","href":"https:\/\/api.w.org\/{rel}","templated":true}]}}